{"id":219722,"date":"2021-08-19T08:45:13","date_gmt":"2021-08-19T08:45:13","guid":{"rendered":"https:\/\/finestpro.ee\/tekemiamme-toita\/"},"modified":"2021-08-19T08:45:13","modified_gmt":"2021-08-19T08:45:13","slug":"tekemiamme-toita","status":"publish","type":"page","link":"https:\/\/finestpro.ee\/fi\/tekemiamme-toita\/","title":{"rendered":"Tekemi\u00e4mme t\u00f6it\u00e4"},"content":{"rendered":"<p>[et_pb_section fb_built=&#8221;1&#8243; _builder_version=&#8221;4.9.11&#8243; _module_preset=&#8221;default&#8221; background_color=&#8221;#252422&#8243; use_background_color_gradient=&#8221;on&#8221; background_color_gradient_start=&#8221;#eb5e28&#8243; background_color_gradient_end=&#8221;rgba(235,94,40,0.2)&#8221; background_color_gradient_direction=&#8221;90deg&#8221; background_color_gradient_start_position=&#8221;25%&#8221; background_color_gradient_end_position=&#8221;75%&#8221; background_color_gradient_overlays_image=&#8221;on&#8221; background_image=&#8221;https:\/\/finestpro.ee\/wp-content\/uploads\/2021\/08\/20210707_132420-1-scaled.jpg&#8221; global_colors_info=&#8221;{}&#8221;][et_pb_row _builder_version=&#8221;4.9.10&#8243; _module_preset=&#8221;default&#8221; width=&#8221;100%&#8221; max_width=&#8221;1667px&#8221; custom_padding=&#8221;84px||84px||true|&#8221; global_colors_info=&#8221;{}&#8221;][et_pb_column type=&#8221;4_4&#8243; _builder_version=&#8221;4.9.10&#8243; _module_preset=&#8221;default&#8221; global_colors_info=&#8221;{}&#8221;][et_pb_text _builder_version=&#8221;4.9.10&#8243; _module_preset=&#8221;default&#8221; text_font=&#8221;Raleway|700|||||||&#8221; text_text_color=&#8221;#252422&#8243; text_font_size=&#8221;54px&#8221; global_colors_info=&#8221;{}&#8221;]<\/p>\n<p>Tekemi\u00e4mme t\u00f6it\u00e4<\/p>\n<p>[\/et_pb_text][\/et_pb_column][\/et_pb_row][\/et_pb_section][et_pb_section fb_built=&#8221;1&#8243; _builder_version=&#8221;4.9.10&#8243; background_color=&#8221;#252422&#8243; custom_padding=&#8221;70px||70px||true|&#8221; global_colors_info=&#8221;{}&#8221;][et_pb_row use_custom_gutter=&#8221;on&#8221; gutter_width=&#8221;2&#8243; make_equal=&#8221;on&#8221; _builder_version=&#8221;4.9.11&#8243; width=&#8221;75%&#8221; width_tablet=&#8221;90%&#8221; width_phone=&#8221;90%&#8221; width_last_edited=&#8221;on|desktop&#8221; max_width=&#8221;2536px&#8221; max_width_tablet=&#8221;90%&#8221; max_width_phone=&#8221;90%&#8221; max_width_last_edited=&#8221;on|phone&#8221; custom_padding=&#8221;71px||100px|||&#8221; global_colors_info=&#8221;{}&#8221;][et_pb_column type=&#8221;4_4&#8243; _builder_version=&#8221;3.29.3&#8243; global_colors_info=&#8221;{}&#8221;][et_pb_portfolio fullwidth=&#8221;off&#8221; posts_number=&#8221;12&#8243; include_categories=&#8221;all,9,10&#8243; zoom_icon_color=&#8221;rgba(0,0,0,0)&#8221; hover_overlay_color=&#8221;rgba(0,0,0,0)&#8221; _builder_version=&#8221;4.9.11&#8243; title_font=&#8221;Raleway|700|||||||&#8221; title_text_color=&#8221;#FFFFFF&#8221; title_font_size=&#8221;18px&#8221; title_line_height=&#8221;1.8em&#8221; caption_font=&#8221;Poppins|||on|||||&#8221; caption_text_color=&#8221;#EB5E28&#8243; caption_font_size=&#8221;14px&#8221; caption_letter_spacing=&#8221;1px&#8221; caption_line_height=&#8221;1.2em&#8221; custom_margin=&#8221;20px||||false|false&#8221; hover_enabled=&#8221;0&#8243; global_colors_info=&#8221;{}&#8221; child_filter_opacity__hover_enabled=&#8221;on|hover&#8221; child_filter_opacity__hover=&#8221;50%&#8221; sticky_enabled=&#8221;0&#8243;][\/et_pb_portfolio][\/et_pb_column][\/et_pb_row][\/et_pb_section]<\/p>\n","protected":false},"excerpt":{"rendered":"<p>Tekemi\u00e4mme t\u00f6it\u00e4<\/p>\n","protected":false},"author":2,"featured_media":0,"parent":0,"menu_order":0,"comment_status":"closed","ping_status":"closed","template":"","meta":{"_et_pb_use_builder":"on","_et_pb_old_content":"","_et_gb_content_width":""},"_links":{"self":[{"href":"https:\/\/finestpro.ee\/fi\/wp-json\/wp\/v2\/pages\/219722"}],"collection":[{"href":"https:\/\/finestpro.ee\/fi\/wp-json\/wp\/v2\/pages"}],"about":[{"href":"https:\/\/finestpro.ee\/fi\/wp-json\/wp\/v2\/types\/page"}],"author":[{"embeddable":true,"href":"https:\/\/finestpro.ee\/fi\/wp-json\/wp\/v2\/users\/2"}],"replies":[{"embeddable":true,"href":"https:\/\/finestpro.ee\/fi\/wp-json\/wp\/v2\/comments?post=219722"}],"version-history":[{"count":4,"href":"https:\/\/finestpro.ee\/fi\/wp-json\/wp\/v2\/pages\/219722\/revisions"}],"predecessor-version":[{"id":219726,"href":"https:\/\/finestpro.ee\/fi\/wp-json\/wp\/v2\/pages\/219722\/revisions\/219726"}],"wp:attachment":[{"href":"https:\/\/finestpro.ee\/fi\/wp-json\/wp\/v2\/media?parent=219722"}],"curies":[{"name":"wp","href":"https:\/\/api.w.org\/{rel}","templated":true}]}}